{"id":784,"date":"2020-04-15T16:33:25","date_gmt":"2020-04-15T14:33:25","guid":{"rendered":"https:\/\/cpcs.international\/?page_id=784"},"modified":"2026-02-08T17:49:50","modified_gmt":"2026-02-08T16:49:50","slug":"rapports-et-publications","status":"publish","type":"page","link":"https:\/\/cpcs.international\/index.php\/rapports-et-publications\/","title":{"rendered":"Rapports et publications"},"content":{"rendered":"\t\t<div data-elementor-type=\"wp-page\" data-elementor-id=\"784\" class=\"elementor elementor-784\">\n\t\t\t\t<div class=\"elementor-element elementor-element-1a0b190e e-flex e-con-boxed e-con e-parent\" data-id=\"1a0b190e\" data-element_type=\"container\">\n\t\t\t\t\t<div class=\"e-con-inner\">\n\t\t\t\t<div class=\"elementor-element elementor-element-6cec83f elementor-widget elementor-widget-heading\" data-id=\"6cec83f\" data-element_type=\"widget\" data-widget_type=\"heading.default\">\n\t\t\t\t\t<h2 class=\"elementor-heading-title elementor-size-default\">Centre de documentation<\/h2>\t\t\t\t<\/div>\n\t\t\t\t<div class=\"elementor-element elementor-element-9f2e729 elementor-widget-divider--view-line elementor-widget elementor-widget-divider\" data-id=\"9f2e729\" data-element_type=\"widget\" data-widget_type=\"divider.default\">\n\t\t\t\t\t\t\t<div class=\"elementor-divider\">\n\t\t\t<span class=\"elementor-divider-separator\">\n\t\t\t\t\t\t<\/span>\n\t\t<\/div>\n\t\t\t\t\t\t<\/div>\n\t\t\t\t<div class=\"elementor-element elementor-element-e2a62ad elementor-alert-info elementor-widget elementor-widget-alert\" data-id=\"e2a62ad\" data-element_type=\"widget\" data-widget_type=\"alert.default\">\n\t\t\t\t\t\t\t<div class=\"elementor-alert\" role=\"alert\">\n\n\t\t\t\t\t\t<span class=\"elementor-alert-title\">Le rapport annuel 2025 est disponible<\/span>\n\t\t\t\n\t\t\t\t\t\t<span class=\"elementor-alert-description\"><a href=\"https:\/\/cpcs.international\/wp-content\/uploads\/2026\/02\/CPCS-International-Yearly-Report-2025-revised.pdf\" target=\"blank\">Cliquez ici<\/a><\/span>\n\t\t\t\n\t\t\t\n\t\t<\/div>\n\t\t\t\t\t\t<\/div>\n\t\t\t\t\t<\/div>\n\t\t\t\t<\/div>\n\t\t<div class=\"elementor-element elementor-element-fc3a216 e-flex e-con-boxed e-con e-parent\" data-id=\"fc3a216\" data-element_type=\"container\">\n\t\t\t\t\t<div class=\"e-con-inner\">\n\t\t\t\t<div class=\"elementor-element elementor-element-71237c2 ec-toggle elementor-widget elementor-widget-elementor-companion-accordion-toggle\" data-id=\"71237c2\" data-element_type=\"widget\" data-widget_type=\"elementor-companion-accordion-toggle.default\">\n\t\t\t\t<div class=\"elementor-widget-container\">\n\t\t\t\t\t\n\t\t<div class=\"ec-at-wrapper ec-at__style-2\">\n\t\t\t\t\t\t\t<div class=\"ec-at-item \">\n\t\t\t\t\t<div id=\"ec-tab-title-5691\" class=\"ec-tab-title\" aria-controls=\"ec-tab-content-5691\">\n\t\t\t\t\t\t\t\t\t\t\t\t\t<span class=\"ec-at-icon ec-at-icon--\">\n\t\t\t\t\t\t\t\t<span class=\"ec-icon-close\">\n\t\t\t\t\t\t\t\t\t<svg class=\"e-font-icon-svg e-fas-plus\" viewBox=\"0 0 448 512\" xmlns=\"http:\/\/www.w3.org\/2000\/svg\"><path d=\"M416 208H272V64c0-17.67-14.33-32-32-32h-32c-17.67 0-32 14.33-32 32v144H32c-17.67 0-32 14.33-32 32v32c0 17.67 14.33 32 32 32h144v144c0 17.67 14.33 32 32 32h32c17.67 0 32-14.33 32-32V304h144c17.67 0 32-14.33 32-32v-32c0-17.67-14.33-32-32-32z\"><\/path><\/svg>\t\t\t\t\t\t\t\t<\/span>\n\t\t\t\t\t\t\t\t<span class=\"ec-icon-open\">\n\t\t\t\t\t\t\t\t\t<svg class=\"e-font-icon-svg e-fas-minus\" viewBox=\"0 0 448 512\" xmlns=\"http:\/\/www.w3.org\/2000\/svg\"><path d=\"M416 208H32c-17.67 0-32 14.33-32 32v32c0 17.67 14.33 32 32 32h384c17.67 0 32-14.33 32-32v-32c0-17.67-14.33-32-32-32z\"><\/path><\/svg>\t\t\t\t\t\t\t\t<\/span>\n\t\t\t\t\t\t\t<\/span>\n\t\t\t\t\t\t\n\t\t\t\t\t\t<a href=\"\">Rapports semi-annuels et annuels<\/a>\n\t\t\t\t\t<\/div>\n\n\t\t\t\t\t<div id=\"ec-tab-content-5691\" class=\"ec-tab-content\" data-tab=\"1\">\n\t\t\t\t\t\t<ul><li><a href=\"https:\/\/cpcs.international\/wp-content\/uploads\/2026\/02\/CPCS-International-Yearly-Report-2025-revised.pdf\" target=\"_blank\" rel=\"noopener\">Rapport annuel 2025<\/a><\/li><li><a href=\"https:\/\/cpcs.international\/wp-content\/uploads\/2025\/08\/CPCS-International-Half-Yearly-Report-2025-final.pdf\" target=\"_blank\" rel=\"noopener\">Rapport semi-annuel 2025 (janv-juin)<\/a><\/li><li><a href=\"https:\/\/cpcs.international\/wp-content\/uploads\/2025\/02\/CPCS-International-Yearly-Report-2024.pdf\" target=\"_blank\" rel=\"noopener\">Rapport annuel 2024<\/a><\/li><li><a href=\"https:\/\/cpcs.international\/wp-content\/uploads\/2024\/08\/CPCS-Alliance-Jan-to-June-2024-Report.pdf\" target=\"_blank\" rel=\"noopener\">Rapport semi-annuel 2024 (janv-juin)<\/a><\/li><li><a href=\"https:\/\/cpcs.international\/wp-content\/uploads\/2024\/02\/RAPPORT-ANNUEL-2023-1.pdf\" target=\"_blank\" rel=\"noopener\">Rapport annuel 2023<\/a><\/li><li><a href=\"https:\/\/cpcs.international\/wp-content\/uploads\/2022\/08\/CPCS-Alliance-Jan-to-June-2022-Report-Copie.pdf\" target=\"_blank\" rel=\"noopener\">Rapport semi-annuel 2022 (janv-juin)<\/a><\/li><li><a href=\"https:\/\/cpcs.international\/wp-content\/uploads\/2022\/02\/CPCS-Progress-Report-2021.pdf\" target=\"_blank\" rel=\"noopener\">Rapport annuel 2021<\/a><\/li><li><a href=\"https:\/\/cpcs.international\/wp-content\/uploads\/2021\/07\/CPCS-Progress-Report-Jan-to-June-2021-Revised.pdf\" target=\"_blank\" rel=\"noopener\">Rapport semi-annuel 2021 (janv-juin)<\/a><\/li><li><a href=\"https:\/\/cpcs.international\/wp-content\/uploads\/2021\/07\/CPCS-Progress-Report-2020-revised.pdf\" target=\"_blank\" rel=\"noopener\">Rapport annuel 2020<\/a><\/li><li><a href=\"https:\/\/cpcs.international\/wp-content\/uploads\/2020\/04\/CPCS-Progress-Report-Jan-to-June-2019.pdf\" target=\"_blank\" rel=\"noopener\">Rapport semi-annuel 2019 (janv-juin)<\/a><\/li><li><a href=\"https:\/\/cpcs.international\/wp-content\/uploads\/2020\/06\/CPCS-Progress-Report-2018-Revised-1.pdf\" target=\"_blank\" rel=\"noopener\">Rapport annuel 2018<\/a><\/li><li><a href=\"https:\/\/cpcs.international\/wp-content\/uploads\/2020\/06\/CPCS-Yearly-Report-2017.pdf\" target=\"_blank\" rel=\"noopener\">Rapport annuel 2017<\/a><\/li><li><a href=\"https:\/\/cpcs.international\/wp-content\/uploads\/2020\/06\/CPCS-Yearly-Report-2016_en.pdf\" target=\"_blank\" rel=\"noopener\">Rapport annuel 2016<\/a><\/li><li><a href=\"https:\/\/cpcs.international\/wp-content\/uploads\/2025\/11\/2015-Progress-Report-CPCS.pdf\" target=\"_blank\" rel=\"noopener\">Rapport annuel 2015<\/a><\/li><li><a href=\"https:\/\/cpcs.international\/wp-content\/uploads\/2020\/04\/CPCS-2008-Yearly-Report-English.pdf\" target=\"_blank\" rel=\"noopener\">Rapport annuel 2008<\/a><\/li><li><a href=\"https:\/\/cpcs.international\/wp-content\/uploads\/2020\/04\/CPCS-2007-Yearly-Report-English.pdf\" target=\"_blank\" rel=\"noopener\">Rapport annuel 2007<\/a><\/li><li><a href=\"https:\/\/cpcs.international\/wp-content\/uploads\/2020\/04\/CPCS-2006-Yearly-Report-English.pdf\" target=\"_blank\" rel=\"noopener\">Rapport annuel 2006<\/a><\/li><\/ul>\t\t\t\t\t<\/div>\n\t\t\t\t<\/div>\n\t\t\t\t\t\t\t<div class=\"ec-at-item \">\n\t\t\t\t\t<div id=\"ec-tab-title-5691\" class=\"ec-tab-title\" aria-controls=\"ec-tab-content-5691\">\n\t\t\t\t\t\t\t\t\t\t\t\t\t<span class=\"ec-at-icon ec-at-icon--\">\n\t\t\t\t\t\t\t\t<span class=\"ec-icon-close\">\n\t\t\t\t\t\t\t\t\t<svg class=\"e-font-icon-svg e-fas-plus\" viewBox=\"0 0 448 512\" xmlns=\"http:\/\/www.w3.org\/2000\/svg\"><path d=\"M416 208H272V64c0-17.67-14.33-32-32-32h-32c-17.67 0-32 14.33-32 32v144H32c-17.67 0-32 14.33-32 32v32c0 17.67 14.33 32 32 32h144v144c0 17.67 14.33 32 32 32h32c17.67 0 32-14.33 32-32V304h144c17.67 0 32-14.33 32-32v-32c0-17.67-14.33-32-32-32z\"><\/path><\/svg>\t\t\t\t\t\t\t\t<\/span>\n\t\t\t\t\t\t\t\t<span class=\"ec-icon-open\">\n\t\t\t\t\t\t\t\t\t<svg class=\"e-font-icon-svg e-fas-minus\" viewBox=\"0 0 448 512\" xmlns=\"http:\/\/www.w3.org\/2000\/svg\"><path d=\"M416 208H32c-17.67 0-32 14.33-32 32v32c0 17.67 14.33 32 32 32h384c17.67 0 32-14.33 32-32v-32c0-17.67-14.33-32-32-32z\"><\/path><\/svg>\t\t\t\t\t\t\t\t<\/span>\n\t\t\t\t\t\t\t<\/span>\n\t\t\t\t\t\t\n\t\t\t\t\t\t<a href=\"\">Livres et publications<\/a>\n\t\t\t\t\t<\/div>\n\n\t\t\t\t\t<div id=\"ec-tab-content-5691\" class=\"ec-tab-content\" data-tab=\"2\">\n\t\t\t\t\t\t<ul>\n<li><a href=\"https:\/\/www.editions-harmattan.fr\/catalogue\/livre\/lenfant-en-situation-de-rue\/13038\" target=\"_blank\" rel=\"noopener\"><em>L&#8217;enfant en situation de rue &#8211; Entre r\u00e9sistance, rupture et r\u00e9silience<\/em><\/a>\u00a0&#8211; Jean-Christophe Ryckmans (2019) &#8211; Editions L&#8217;Harmattan<\/li>\n<li><a href=\"https:\/\/www.editions-harmattan.fr\/catalogue\/livre\/nepal-enfants-et-jeunes-en-situations-de-rue\/13047\" target=\"_blank\" rel=\"noopener\"><em>N\u00e9pal : enfants et jeunes en situations de rue &#8211; R\u00e9alit\u00e9s rurales et survie urbaine<\/em><\/a> &#8211; Jean-Christophe Ryckmans (2019) &#8211; Editions L&#8217;Harmattan<\/li>\n<li><a href=\"https:\/\/www.editions-harmattan.fr\/catalogue\/livre\/la-protection-des-enfants-en-situation-de-rue\/13043\" target=\"_blank\" rel=\"noopener\"><em>La protection des enfants en situation de rue &#8211; D\u00e9sinstitutionnalisation, confusion et transformation<\/em><\/a> &#8211; Jean-Christophe Ryckmans (2019) &#8211; Editions L&#8217;Harmattan<\/li>\n<li><a href=\"https:\/\/cpcs.international\/wp-content\/uploads\/2020\/04\/CPCS-book.pdf\" target=\"_blank\" rel=\"noopener\"><em>The abuse of street children in Kathmandu &#8211; A research on children&#8217;s experiences of psychosocial physical and sexual abuse<\/em><\/a> &#8211; CPCS &amp; Voice of Children (2008)<\/li>\n<li><a href=\"https:\/\/cpcs.international\/wp-content\/uploads\/2020\/04\/Book.pdf\" target=\"_blank\" rel=\"noopener\"><em>The street children of Kathmandu &#8211; part 1<\/em><\/a> &#8211; CPCS (2007)<\/li>\n<li><a href=\"https:\/\/cpcs.international\/wp-content\/uploads\/2020\/04\/Book2.pdf\" target=\"_blank\" rel=\"noopener\"><em>The street children of Kathmandu &#8211; part 2<\/em><\/a> &#8211; CPCS (2007)<\/li>\n<li><a href=\"https:\/\/cpcs.international\/wp-content\/uploads\/2020\/04\/the-street-children-of-kathmandu-english-1.pdf\" target=\"_blank\" rel=\"noopener\"><em>The street children of Kathmandu &#8211; Study, approaches and comments on the daily life of street-based children of the Nepalese capital &#8211; First edition<\/em><\/a> &#8211; CPCS (2007)<\/li>\n<\/ul>\t\t\t\t\t<\/div>\n\t\t\t\t<\/div>\n\t\t\t\t\t\t\t<div class=\"ec-at-item \">\n\t\t\t\t\t<div id=\"ec-tab-title-5691\" class=\"ec-tab-title\" aria-controls=\"ec-tab-content-5691\">\n\t\t\t\t\t\t\t\t\t\t\t\t\t<span class=\"ec-at-icon ec-at-icon--\">\n\t\t\t\t\t\t\t\t<span class=\"ec-icon-close\">\n\t\t\t\t\t\t\t\t\t<svg class=\"e-font-icon-svg e-fas-plus\" viewBox=\"0 0 448 512\" xmlns=\"http:\/\/www.w3.org\/2000\/svg\"><path d=\"M416 208H272V64c0-17.67-14.33-32-32-32h-32c-17.67 0-32 14.33-32 32v144H32c-17.67 0-32 14.33-32 32v32c0 17.67 14.33 32 32 32h144v144c0 17.67 14.33 32 32 32h32c17.67 0 32-14.33 32-32V304h144c17.67 0 32-14.33 32-32v-32c0-17.67-14.33-32-32-32z\"><\/path><\/svg>\t\t\t\t\t\t\t\t<\/span>\n\t\t\t\t\t\t\t\t<span class=\"ec-icon-open\">\n\t\t\t\t\t\t\t\t\t<svg class=\"e-font-icon-svg e-fas-minus\" viewBox=\"0 0 448 512\" xmlns=\"http:\/\/www.w3.org\/2000\/svg\"><path d=\"M416 208H32c-17.67 0-32 14.33-32 32v32c0 17.67 14.33 32 32 32h384c17.67 0 32-14.33 32-32v-32c0-17.67-14.33-32-32-32z\"><\/path><\/svg>\t\t\t\t\t\t\t\t<\/span>\n\t\t\t\t\t\t\t<\/span>\n\t\t\t\t\t\t\n\t\t\t\t\t\t<a href=\"\">R\u00e8gles et politiques de protection des enfants<\/a>\n\t\t\t\t\t<\/div>\n\n\t\t\t\t\t<div id=\"ec-tab-content-5691\" class=\"ec-tab-content\" data-tab=\"3\">\n\t\t\t\t\t\t<ul>\n<li><a href=\"https:\/\/cpcs.international\/wp-content\/uploads\/2025\/11\/CPCS-Child-Protection-Policy.pdf\" target=\"_blank\" rel=\"noopener\">Politique de protection des enfants de CPCS<\/a> (mise \u00e0 jour 2019-2020)<\/li>\n<li><a href=\"https:\/\/cpcs.international\/wp-content\/uploads\/2020\/04\/Act-Relating-to-Children-2018-Eng-Revised.pdf\" target=\"_blank\" rel=\"noopener\">Act Relating to Children 2018<\/a><\/li>\n<li><a href=\"https:\/\/cpcs.international\/wp-content\/uploads\/2025\/11\/UN-General-comment-No.-21-2017-on-children-in-street-situations.pdf\" target=\"_blank\" rel=\"noopener\">United Nations &#8211; General comment No. 21 (2017) on children in street situations<\/a><\/li>\n<\/ul>\t\t\t\t\t<\/div>\n\t\t\t\t<\/div>\n\t\t\t\t\t<\/div>\n\n\t\t\t\t\t\t<\/div>\n\t\t\t\t<\/div>\n\t\t\t\t\t<\/div>\n\t\t\t\t<\/div>\n\t\t<div class=\"elementor-element elementor-element-741cfc6 e-flex e-con-boxed e-con e-parent\" data-id=\"741cfc6\" data-element_type=\"container\">\n\t\t\t\t\t<div class=\"e-con-inner\">\n\t\t\t\t\t<\/div>\n\t\t\t\t<\/div>\n\t\t\t\t<\/div>\n\t\t","protected":false},"excerpt":{"rendered":"<p>Centre de documentation Le rapport annuel 2025 est disponible Cliquez ici Rapports semi-annuels et annuels Rapport annuel 2025 Rapport semi-annuel 2025 (janv-juin) Rapport annuel 2024 Rapport semi-annuel 2024 (janv-juin) Rapport annuel 2023 Rapport semi-annuel 2022 (janv-juin) Rapport annuel 2021 Rapport semi-annuel 2021 (janv-juin) Rapport annuel 2020 Rapport semi-annuel 2019 (janv-juin) Rapport annuel 2018 Rapport annuel[&hellip;]<\/p>\n","protected":false},"author":1,"featured_media":0,"parent":0,"menu_order":0,"comment_status":"closed","ping_status":"closed","template":"","meta":{"zakra_general_container_width":0,"zakra_general_content_width":0,"zakra_general_sidebar_width":0,"zakra_sticky_header":"customizer","zakra_header_main_area":true,"zakra_site_logo_width":0,"zakra_header_top_enabled":"customizer","zakra_header_top_style":"customizer","zakra_primary_menu_item_style":"customizer","zakra_page_header_text_color":"","zakra_page_header_layout":"customizer","zakra_page_title_bg":"","zakra_footer_widgets_bg_image":0,"zakra_page_title_bg_repeat":"customizer","zakra_page_title_bg_position":"customizer","zakra_page_title_bg_size":"customizer","zakra_page_title_bg_attachment":"customizer","zakra_breadcrumbs_enabled":"customizer","zakra_breadcrumbs_text_color":"","zakra_breadcrumbs_separator_color":"","zakra_breadcrumbs_link_color":"","zakra_breadcrumbs_link_hover_color":"","zakra_page_title_bg_image":0,"zakra_footer_widgets_enabled":"customizer","zakra_footer_column_layout_1_style":"customizer","zakra_footer_widgets_bg":"","zakra_footer_widgets_bg_repeat":"customizer","zakra_footer_widgets_bg_position":"customizer","zakra_footer_widgets_bg_size":"customizer","zakra_footer_widgets_bg_attachment":"customizer","zakra_footer_bar_enabled":"customizer","zakra_footer_bar_style":"customizer","zakra_sidebar_layout":"customizer","zakra_remove_content_margin":false,"zakra_sidebar":"customizer","zakra_transparent_header":"customizer","zakra_logo":0,"zakra_main_header_style":"default","zakra_menu_item_color":"","zakra_menu_item_hover_color":"","zakra_menu_item_active_color":"","zakra_menu_active_style":"","zakra_page_header":true,"_monsterinsights_skip_tracking":false,"_monsterinsights_sitenote_active":false,"_monsterinsights_sitenote_note":"","_monsterinsights_sitenote_category":0,"footnotes":""},"class_list":["post-784","page","type-page","status-publish","hentry"],"_links":{"self":[{"href":"https:\/\/cpcs.international\/index.php\/wp-json\/wp\/v2\/pages\/784","targetHints":{"allow":["GET"]}}],"collection":[{"href":"https:\/\/cpcs.international\/index.php\/wp-json\/wp\/v2\/pages"}],"about":[{"href":"https:\/\/cpcs.international\/index.php\/wp-json\/wp\/v2\/types\/page"}],"author":[{"embeddable":true,"href":"https:\/\/cpcs.international\/index.php\/wp-json\/wp\/v2\/users\/1"}],"replies":[{"embeddable":true,"href":"https:\/\/cpcs.international\/index.php\/wp-json\/wp\/v2\/comments?post=784"}],"version-history":[{"count":11,"href":"https:\/\/cpcs.international\/index.php\/wp-json\/wp\/v2\/pages\/784\/revisions"}],"predecessor-version":[{"id":1797,"href":"https:\/\/cpcs.international\/index.php\/wp-json\/wp\/v2\/pages\/784\/revisions\/1797"}],"wp:attachment":[{"href":"https:\/\/cpcs.international\/index.php\/wp-json\/wp\/v2\/media?parent=784"}],"curies":[{"name":"wp","href":"https:\/\/api.w.org\/{rel}","templated":true}]}}