{"id":674,"date":"2020-02-09T20:22:02","date_gmt":"2020-02-09T19:22:02","guid":{"rendered":"http:\/\/cpcs.international\/?page_id=674"},"modified":"2020-02-09T20:22:03","modified_gmt":"2020-02-09T19:22:03","slug":"cpcs-international-4","status":"publish","type":"page","link":"https:\/\/cpcs.international\/index.php\/cpcs-international-4\/","title":{"rendered":"CPCS International"},"content":{"rendered":"\n<p>CPCS International ist eine\nKinderschutzagentur, die gef\u00e4hrdete Kinder und Stra\u00dfenkinder unterst\u00fctzt. Es\nleitet die CPCS-Alliance, eine weltweite Bewegung von Partnern und NGOs, die\nKindern und Jugendlichen in Stra\u00dfensituationen auf der ganzen Welt hilft. Diese\nAllianz zielt darauf ab, die Empfehlungen des vom Ausschuss f\u00fcr die Rechte des\nKindes (https:\/\/www.ohchr.org\/en\/hrbodies\/crc\/) ausgearbeiteten Allgemeinen\nKommentars Nr. 21 (2017) zu Kindern in Stra\u00dfensituationen umzusetzen. pages \/\ncrcindex.aspx)<\/p>\n\n\n\n<p>CPCS zielt darauf ab, f\u00fcr eine Gesellschaft zu\narbeiten, in der alle Kinder respektiert, gesch\u00e4tzt und gesch\u00fctzt werden.\nUnsere Mission ist es, grundlegende Dienstleistungen (medizinisch, rechtlich,\npsychologisch, p\u00e4dagogisch usw.) bereitzustellen, um Kindern \/ Jugendlichen in\nStra\u00dfensituationen und gef\u00e4hrdeten Kindern eine sofortige Verbesserung zu\nerm\u00f6glichen. In Nepal betreiben CPCS International und seine lokalen Partner\nderzeit vier regionale Zentren (Sindhuli &#8211; CRPC, Dolakha &#8211; CPCR, Morang &#8211;\nORCHID, Kathmandu &#8211; CPCS NGO), die einundvierzig lokale Zentren (BHCA (Better\nHealth Care Access) oder CLASS) unterst\u00fctzen (CPCS Local Action Support und\nServices) -Programme werden abgehalten.<\/p>\n\n\n\n<p>T\u00e4glich werden bis zu 10.000 Kinder bei den\nAktivit\u00e4ten unserer Organisation unterst\u00fctzt, 200 bis 300 Kinder werden von\nunseren Sozialisierungs- oder Rehabilitationszentren unterst\u00fctzt, 1600\nEx-Stra\u00dfenkinder und gef\u00e4hrdete Kinder gehen zur Schule und mehrere Hundert\nerhalten medizinische oder rechtliche Unterst\u00fctzung.<\/p>\n\n\n\n<p>CPCS zielt darauf ab, f\u00fcr eine Gesellschaft zu\narbeiten, in der alle Kinder respektiert, gesch\u00e4tzt und gesch\u00fctzt werden.\nUnsere Mission ist es, grundlegende Dienstleistungen (medizinisch, rechtlich,\npsychologisch, p\u00e4dagogisch usw.) zu erbringen, um Kindern in Stra\u00dfensituationen\nund gef\u00e4hrdeten Kindern sofortige Besserung zu bringen.<\/p>\n\n\n\n<p>Wir haben drei Hauptgruppen von Aktivit\u00e4ten \/\nProgrammen:<\/p>\n\n\n\n<p>Pr\u00e4vention (vor und w\u00e4hrend des Stra\u00dfenlebens):\nEine Reihe von Ma\u00dfnahmen, die sich auf Folgendes konzentrieren: A. Verhindern\nund Vermeiden der Ankunft des Kindes auf der Stra\u00dfe. \uf0fc B. Sensibilisierung der\n\u00d6ffentlichkeit, der Familien und der Beh\u00f6rden sowie der Kinder selbst f\u00fcr die\nRealit\u00e4t des Stra\u00dfenlebens (Ursachen, Gefahren, Aspekte und Folgen).<\/p>\n\n\n\n<p>Risikominderung (w\u00e4hrend des Lebens auf der\nStra\u00dfe): eine kurzfristige Perspektive, die sich auf die unmittelbare\nVerringerung der Lebensgefahren auf der Stra\u00dfe konzentriert. \uf0d8<\/p>\n\n\n\n<p>Soziale Rehabilitation (Leben nach dem Tod auf\nder Stra\u00dfe): eine mittelfristige Perspektive, die sich auf die schrittweise und\neventuelle Wiedereingliederung des Kindes in die Gesellschaft konzentriert.\n(Deinstitutionalisierung, familienbezogene Betreuung,\u2026)<\/p>\n","protected":false},"excerpt":{"rendered":"<p>CPCS International ist eine Kinderschutzagentur, die gef\u00e4hrdete Kinder und Stra\u00dfenkinder unterst\u00fctzt. Es leitet die CPCS-Alliance, eine weltweite Bewegung von Partnern und NGOs, die Kindern und Jugendlichen in Stra\u00dfensituationen auf der ganzen Welt hilft. Diese Allianz zielt darauf ab, die Empfehlungen des vom Ausschuss f\u00fcr die Rechte des Kindes (https:\/\/www.ohchr.org\/en\/hrbodies\/crc\/) ausgearbeiteten Allgemeinen Kommentars Nr. 21 (2017)[&hellip;]<\/p>\n","protected":false},"author":1,"featured_media":0,"parent":0,"menu_order":0,"comment_status":"closed","ping_status":"closed","template":"","meta":{"zakra_general_container_width":0,"zakra_general_content_width":0,"zakra_general_sidebar_width":0,"zakra_sticky_header":"customizer","zakra_header_main_area":true,"zakra_site_logo_width":0,"zakra_header_top_enabled":"customizer","zakra_header_top_style":"customizer","zakra_primary_menu_item_style":"customizer","zakra_page_header_text_color":"","zakra_page_header_layout":"customizer","zakra_page_title_bg":"","zakra_footer_widgets_bg_image":0,"zakra_page_title_bg_repeat":"customizer","zakra_page_title_bg_position":"customizer","zakra_page_title_bg_size":"customizer","zakra_page_title_bg_attachment":"customizer","zakra_breadcrumbs_enabled":"customizer","zakra_breadcrumbs_text_color":"","zakra_breadcrumbs_separator_color":"","zakra_breadcrumbs_link_color":"","zakra_breadcrumbs_link_hover_color":"","zakra_page_title_bg_image":0,"zakra_footer_widgets_enabled":"customizer","zakra_footer_column_layout_1_style":"customizer","zakra_footer_widgets_bg":"","zakra_footer_widgets_bg_repeat":"customizer","zakra_footer_widgets_bg_position":"customizer","zakra_footer_widgets_bg_size":"customizer","zakra_footer_widgets_bg_attachment":"customizer","zakra_footer_bar_enabled":"customizer","zakra_footer_bar_style":"customizer","zakra_sidebar_layout":"customizer","zakra_remove_content_margin":false,"zakra_sidebar":"sidebar-right","zakra_transparent_header":"customizer","zakra_logo":0,"zakra_main_header_style":"default","zakra_menu_item_color":"","zakra_menu_item_hover_color":"","zakra_menu_item_active_color":"","zakra_menu_active_style":"","zakra_page_header":true,"_monsterinsights_skip_tracking":false,"_monsterinsights_sitenote_active":false,"_monsterinsights_sitenote_note":"","_monsterinsights_sitenote_category":0,"footnotes":""},"class_list":["post-674","page","type-page","status-publish","hentry"],"_links":{"self":[{"href":"https:\/\/cpcs.international\/index.php\/wp-json\/wp\/v2\/pages\/674","targetHints":{"allow":["GET"]}}],"collection":[{"href":"https:\/\/cpcs.international\/index.php\/wp-json\/wp\/v2\/pages"}],"about":[{"href":"https:\/\/cpcs.international\/index.php\/wp-json\/wp\/v2\/types\/page"}],"author":[{"embeddable":true,"href":"https:\/\/cpcs.international\/index.php\/wp-json\/wp\/v2\/users\/1"}],"replies":[{"embeddable":true,"href":"https:\/\/cpcs.international\/index.php\/wp-json\/wp\/v2\/comments?post=674"}],"version-history":[{"count":1,"href":"https:\/\/cpcs.international\/index.php\/wp-json\/wp\/v2\/pages\/674\/revisions"}],"predecessor-version":[{"id":675,"href":"https:\/\/cpcs.international\/index.php\/wp-json\/wp\/v2\/pages\/674\/revisions\/675"}],"wp:attachment":[{"href":"https:\/\/cpcs.international\/index.php\/wp-json\/wp\/v2\/media?parent=674"}],"curies":[{"name":"wp","href":"https:\/\/api.w.org\/{rel}","templated":true}]}}