{"id":653,"date":"2020-02-02T20:41:54","date_gmt":"2020-02-02T19:41:54","guid":{"rendered":"http:\/\/cpcs.international\/?page_id=653"},"modified":"2020-03-09T20:16:50","modified_gmt":"2020-03-09T19:16:50","slug":"apoyanos","status":"publish","type":"page","link":"https:\/\/cpcs.international\/index.php\/apoyanos\/","title":{"rendered":"Apoyanos"},"content":{"rendered":"\n<p><strong>Para hacer una donaci\u00f3n:<\/strong><\/p>\n\n\n<style>\r\n        .wpedon-container .wpedon-select,\r\n        .wpedon-container .wpedon-input {\r\n            width: 171px;\r\n            min-width: 171px;\r\n            max-width: 171px;\r\n        }\r\n    <\/style><div class='wpedon-container wpedon-align-left'><form target='_blank' action='https:\/\/www.paypal.com\/cgi-bin\/webscr' method='post' class='wpedon-form'><input type='hidden' name='cmd' value='_donations' \/><input type='hidden' name='business' value='ZDFEHYZLCK3C4' \/><input type='hidden' name='currency_code' value='EUR' \/><input type='hidden' name='notify_url' value='https:\/\/cpcs.international\/wp-admin\/admin-post.php?action=add_wpedon_button_ipn'><input type='hidden' name='lc' value='en_US'><input type='hidden' name='bn' value='WPPlugin_SP'><input type='hidden' name='return' value='' \/><input type='hidden' name='cancel_return' value='' \/><input class='wpedon_paypalbuttonimage' type='image' src='https:\/\/www.paypal.com\/en_US\/i\/btn\/btn_donateCC_LG.gif' border='0' name='submit' alt='Make your payments with PayPal. It is free, secure, effective.' style='border: none;'><img alt='' border='0' style='border:none;display:none;' src='https:\/\/www.paypal.com\/en_US\/i\/scr\/pixel.gif' width='1' height='1'><input type='hidden' name='amount' id='amount_a23d8b97c51f3f5819f983e598ee4eb6' value='' \/><input type='hidden' name='price' id='price_a23d8b97c51f3f5819f983e598ee4eb6' value='' \/><input type='hidden' name='item_number' value='' \/><input type='hidden' name='item_name' value='' \/><input type='hidden' name='name' value='' \/><input type='hidden' name='custom' value='92'><input type='hidden' name='no_shipping' value='1'><input type='hidden' name='no_note' value='1'><input type='hidden' name='currency_code' value='EUR'><\/form><\/div>\n\n\n<p>Realice sus pagos con PayPal. Es gratis, seguro, efectivo.<br>\n&nbsp;<\/p>\n\n\n\n<ul class=\"wp-block-list\"><li><strong>A Nepal:<\/strong><\/li><\/ul>\n\n\n\n<p>CPCS International<br>\nDirecci\u00f3n Pipalbot, Dillibazar, Katmand\u00fa<br>\nN\u00famero de cuenta: 001 050101027 18<br>\nBanco: Nepal Investment Bank<br>\nC\u00f3digo Swift: NIBLNPKT<\/p>\n\n\n\n<ul class=\"wp-block-list\"><li><strong>B\u00e9lgica :<\/strong><\/li><\/ul>\n\n\n\n<p>CPCS International<\/p>\n\n\n\n<p>Centro de Protecci\u00f3n Infantil y Servicios<br> Direcci\u00f3n: 18 Rue de Larmont<br> 5377 Noiseux, B\u00e9lgica<br> <br> IBAN: BE90 0689 0378 8332<\/p>\n\n\n\n<p>C\u00f3digo Swift: GKCCBEBB<\/p>\n","protected":false},"excerpt":{"rendered":"<p>Para hacer una donaci\u00f3n: Realice sus pagos con PayPal. Es gratis, seguro, efectivo. &nbsp; A Nepal: CPCS International Direcci\u00f3n Pipalbot, Dillibazar, Katmand\u00fa N\u00famero de cuenta: 001 050101027 18 Banco: Nepal Investment Bank C\u00f3digo Swift: NIBLNPKT B\u00e9lgica : CPCS International Centro de Protecci\u00f3n Infantil y Servicios Direcci\u00f3n: 18 Rue de Larmont 5377 Noiseux, B\u00e9lgica IBAN: BE90[&hellip;]<\/p>\n","protected":false},"author":1,"featured_media":0,"parent":0,"menu_order":0,"comment_status":"closed","ping_status":"closed","template":"","meta":{"zakra_general_container_width":0,"zakra_general_content_width":0,"zakra_general_sidebar_width":0,"zakra_sticky_header":"customizer","zakra_header_main_area":true,"zakra_site_logo_width":0,"zakra_header_top_enabled":"customizer","zakra_header_top_style":"customizer","zakra_primary_menu_item_style":"customizer","zakra_page_header_text_color":"","zakra_page_header_layout":"customizer","zakra_page_title_bg":"","zakra_footer_widgets_bg_image":0,"zakra_page_title_bg_repeat":"customizer","zakra_page_title_bg_position":"customizer","zakra_page_title_bg_size":"customizer","zakra_page_title_bg_attachment":"customizer","zakra_breadcrumbs_enabled":"customizer","zakra_breadcrumbs_text_color":"","zakra_breadcrumbs_separator_color":"","zakra_breadcrumbs_link_color":"","zakra_breadcrumbs_link_hover_color":"","zakra_page_title_bg_image":0,"zakra_footer_widgets_enabled":"customizer","zakra_footer_column_layout_1_style":"customizer","zakra_footer_widgets_bg":"","zakra_footer_widgets_bg_repeat":"customizer","zakra_footer_widgets_bg_position":"customizer","zakra_footer_widgets_bg_size":"customizer","zakra_footer_widgets_bg_attachment":"customizer","zakra_footer_bar_enabled":"customizer","zakra_footer_bar_style":"customizer","zakra_sidebar_layout":"customizer","zakra_remove_content_margin":false,"zakra_sidebar":"sidebar-right","zakra_transparent_header":"customizer","zakra_logo":0,"zakra_main_header_style":"default","zakra_menu_item_color":"","zakra_menu_item_hover_color":"","zakra_menu_item_active_color":"","zakra_menu_active_style":"","zakra_page_header":true,"_monsterinsights_skip_tracking":false,"_monsterinsights_sitenote_active":false,"_monsterinsights_sitenote_note":"","_monsterinsights_sitenote_category":0,"footnotes":""},"class_list":["post-653","page","type-page","status-publish","hentry"],"_links":{"self":[{"href":"https:\/\/cpcs.international\/index.php\/wp-json\/wp\/v2\/pages\/653","targetHints":{"allow":["GET"]}}],"collection":[{"href":"https:\/\/cpcs.international\/index.php\/wp-json\/wp\/v2\/pages"}],"about":[{"href":"https:\/\/cpcs.international\/index.php\/wp-json\/wp\/v2\/types\/page"}],"author":[{"embeddable":true,"href":"https:\/\/cpcs.international\/index.php\/wp-json\/wp\/v2\/users\/1"}],"replies":[{"embeddable":true,"href":"https:\/\/cpcs.international\/index.php\/wp-json\/wp\/v2\/comments?post=653"}],"version-history":[{"count":4,"href":"https:\/\/cpcs.international\/index.php\/wp-json\/wp\/v2\/pages\/653\/revisions"}],"predecessor-version":[{"id":741,"href":"https:\/\/cpcs.international\/index.php\/wp-json\/wp\/v2\/pages\/653\/revisions\/741"}],"wp:attachment":[{"href":"https:\/\/cpcs.international\/index.php\/wp-json\/wp\/v2\/media?parent=653"}],"curies":[{"name":"wp","href":"https:\/\/api.w.org\/{rel}","templated":true}]}}