{"id":644,"date":"2020-02-02T20:30:32","date_gmt":"2020-02-02T19:30:32","guid":{"rendered":"http:\/\/cpcs.international\/?page_id=644"},"modified":"2020-02-02T20:30:32","modified_gmt":"2020-02-02T19:30:32","slug":"cpcs-international-3","status":"publish","type":"page","link":"https:\/\/cpcs.international\/index.php\/cpcs-international-3\/","title":{"rendered":"CPCS INTERNATIONAL"},"content":{"rendered":"<p>CPCS International es una agencia de protecci\u00f3n de la infancia que ayuda a los ni\u00f1os en situaci\u00f3n de riesgo y en situaciones de calle. CPCS International dirige CPCS-Alliance, un movimiento mundial de socios y ONG que atiende a ni\u00f1os y j\u00f3venes en situaci\u00f3n de calle en todo el mundo. Esta alianza tiene como objetivo materializar las recomendaciones proporcionadas en la Observaci\u00f3n general N\u00ba 21 (2017) sobre los ni\u00f1os de la calle, preparada por el Comit\u00e9 de los Derechos del Ni\u00f1o (https:\/\/www.ohchr.org\/en\/hrbodies\/crc\/ pages \/ crcindex.aspx).<\/p>\n<p>CPCS tiene como objetivo trabajar por una sociedad en la que todos los ni\u00f1os sean respetados, valorados y protegidos. Nuestra misi\u00f3n es proporcionar servicios b\u00e1sicos (m\u00e9dicos, legales, psicol\u00f3gicos, educativos, etc.), con el fin de mejorar inmediatamente las condiciones de los ni\u00f1os\/j\u00f3venes en situaci\u00f3n de calle y riesgo. En Nepal, CPCS International y sus asociados locales gestionan actualmente cuatro centros regionales (Sindhuli &#8211; CRPC, Dolakha &#8211; CPCR, Morang &#8211; ORCHID, Katmand\u00fa &#8211; ONG CPCS) que prestan apoyo a cuarenta y un centros locales (en los que est\u00e1n en marcha la BHCA (Better Health Care Access) y CLASS (CPCS Local Action Support and Services).<\/p>\n<p>Cada d\u00eda, las actividades de nuestra organizaci\u00f3n ayudan hasta 10.000 ni\u00f1os, se atienden entre 200 a 300 ni\u00f1os en nuestros centros de socializaci\u00f3n o rehabilitaci\u00f3n y 1600 ni\u00f1os ex-callejeros y ni\u00f1os en riesgo van a la escuela y unos cien reciben asistencia m\u00e9dica o legal.<\/p>\n<p>Tenemos tres grupos principales de actividades\/programas:<\/p>\n<p>1. Prevenci\u00f3n (antes y durante la vida en la calle): un conjunto de intervenciones centradas en:<br \/>\nA. Prevenir y evitar la llegada del ni\u00f1o a la calle.<br \/>\nB. Sensibilizar al p\u00fablico, a las familias y a las autoridades, as\u00ed como a los propios ni\u00f1os, sobre las realidades de la vida en la calle (sus causas, peligros, aspectos y consecuencias).<br \/>\n2. Reducci\u00f3n de riesgos (durante la vida en la calle):<br \/>\nUna perspectiva a corto plazo centrada en la reducci\u00f3n inmediata de los peligros de la vida en la calle.<br \/>\n3. rehabilitaci\u00f3n social (vida despu\u00e9s de la vida en la calle):<br \/>\nUna perspectiva de mediano plazo centrada en la reintegraci\u00f3n gradual y eventual del ni\u00f1o en la sociedad. (desinstitucionalizaci\u00f3n, atenci\u00f3n familiar, etc.).<\/p>\n","protected":false},"excerpt":{"rendered":"<p>CPCS International es una agencia de protecci\u00f3n de la infancia que ayuda a los ni\u00f1os en situaci\u00f3n de riesgo y en situaciones de calle. CPCS International dirige CPCS-Alliance, un movimiento mundial de socios y ONG que atiende a ni\u00f1os y j\u00f3venes en situaci\u00f3n de calle en todo el mundo. Esta alianza tiene como objetivo materializar[&hellip;]<\/p>\n","protected":false},"author":1,"featured_media":0,"parent":0,"menu_order":0,"comment_status":"closed","ping_status":"closed","template":"","meta":{"zakra_general_container_width":0,"zakra_general_content_width":0,"zakra_general_sidebar_width":0,"zakra_sticky_header":"customizer","zakra_header_main_area":true,"zakra_site_logo_width":0,"zakra_header_top_enabled":"customizer","zakra_header_top_style":"customizer","zakra_primary_menu_item_style":"customizer","zakra_page_header_text_color":"","zakra_page_header_layout":"customizer","zakra_page_title_bg":"","zakra_footer_widgets_bg_image":0,"zakra_page_title_bg_repeat":"customizer","zakra_page_title_bg_position":"customizer","zakra_page_title_bg_size":"customizer","zakra_page_title_bg_attachment":"customizer","zakra_breadcrumbs_enabled":"customizer","zakra_breadcrumbs_text_color":"","zakra_breadcrumbs_separator_color":"","zakra_breadcrumbs_link_color":"","zakra_breadcrumbs_link_hover_color":"","zakra_page_title_bg_image":0,"zakra_footer_widgets_enabled":"customizer","zakra_footer_column_layout_1_style":"customizer","zakra_footer_widgets_bg":"","zakra_footer_widgets_bg_repeat":"customizer","zakra_footer_widgets_bg_position":"customizer","zakra_footer_widgets_bg_size":"customizer","zakra_footer_widgets_bg_attachment":"customizer","zakra_footer_bar_enabled":"customizer","zakra_footer_bar_style":"customizer","zakra_sidebar_layout":"customizer","zakra_remove_content_margin":false,"zakra_sidebar":"sidebar-right","zakra_transparent_header":"customizer","zakra_logo":0,"zakra_main_header_style":"default","zakra_menu_item_color":"","zakra_menu_item_hover_color":"","zakra_menu_item_active_color":"","zakra_menu_active_style":"","zakra_page_header":true,"_monsterinsights_skip_tracking":false,"_monsterinsights_sitenote_active":false,"_monsterinsights_sitenote_note":"","_monsterinsights_sitenote_category":0,"footnotes":""},"class_list":["post-644","page","type-page","status-publish","hentry"],"_links":{"self":[{"href":"https:\/\/cpcs.international\/index.php\/wp-json\/wp\/v2\/pages\/644","targetHints":{"allow":["GET"]}}],"collection":[{"href":"https:\/\/cpcs.international\/index.php\/wp-json\/wp\/v2\/pages"}],"about":[{"href":"https:\/\/cpcs.international\/index.php\/wp-json\/wp\/v2\/types\/page"}],"author":[{"embeddable":true,"href":"https:\/\/cpcs.international\/index.php\/wp-json\/wp\/v2\/users\/1"}],"replies":[{"embeddable":true,"href":"https:\/\/cpcs.international\/index.php\/wp-json\/wp\/v2\/comments?post=644"}],"version-history":[{"count":1,"href":"https:\/\/cpcs.international\/index.php\/wp-json\/wp\/v2\/pages\/644\/revisions"}],"predecessor-version":[{"id":645,"href":"https:\/\/cpcs.international\/index.php\/wp-json\/wp\/v2\/pages\/644\/revisions\/645"}],"wp:attachment":[{"href":"https:\/\/cpcs.international\/index.php\/wp-json\/wp\/v2\/media?parent=644"}],"curies":[{"name":"wp","href":"https:\/\/api.w.org\/{rel}","templated":true}]}}