{"id":500,"date":"2020-01-08T19:58:23","date_gmt":"2020-01-08T18:58:23","guid":{"rendered":"http:\/\/cpcs.international\/?page_id=500"},"modified":"2025-11-10T20:31:16","modified_gmt":"2025-11-10T19:31:16","slug":"histoire-et-missions","status":"publish","type":"page","link":"https:\/\/cpcs.international\/index.php\/nous-decouvrir\/histoire-et-missions\/","title":{"rendered":"Notre histoire"},"content":{"rendered":"\t\t<div data-elementor-type=\"wp-page\" data-elementor-id=\"500\" class=\"elementor elementor-500\">\n\t\t\t\t<div class=\"elementor-element elementor-element-80b62da e-flex e-con-boxed e-con e-parent\" data-id=\"80b62da\" data-element_type=\"container\">\n\t\t\t\t\t<div class=\"e-con-inner\">\n\t\t\t\t<div class=\"elementor-element elementor-element-d0eb6f4 elementor-widget elementor-widget-heading\" data-id=\"d0eb6f4\" data-element_type=\"widget\" data-widget_type=\"heading.default\">\n\t\t\t\t\t<h2 class=\"elementor-heading-title elementor-size-default\">L'histoire de CPCS<\/h2>\t\t\t\t<\/div>\n\t\t\t\t\t<\/div>\n\t\t\t\t<\/div>\n\t\t<div class=\"elementor-element elementor-element-e4d74d8 e-flex e-con-boxed e-con e-parent\" data-id=\"e4d74d8\" data-element_type=\"container\">\n\t\t\t\t\t<div class=\"e-con-inner\">\n\t\t\t\t<div class=\"elementor-element elementor-element-f80d94f elementor-widget-divider--view-line elementor-widget elementor-widget-divider\" data-id=\"f80d94f\" data-element_type=\"widget\" data-widget_type=\"divider.default\">\n\t\t\t\t\t\t\t<div class=\"elementor-divider\">\n\t\t\t<span class=\"elementor-divider-separator\">\n\t\t\t\t\t\t<\/span>\n\t\t<\/div>\n\t\t\t\t\t\t<\/div>\n\t\t\t\t\t<\/div>\n\t\t\t\t<\/div>\n\t\t<div class=\"elementor-element elementor-element-f20ae6d e-flex e-con-boxed e-con e-parent\" data-id=\"f20ae6d\" data-element_type=\"container\">\n\t\t\t\t\t<div class=\"e-con-inner\">\n\t\t\t\t<div class=\"elementor-element elementor-element-6d92815 elementor-widget elementor-widget-heading\" data-id=\"6d92815\" data-element_type=\"widget\" data-widget_type=\"heading.default\">\n\t\t\t\t\t<h2 class=\"elementor-heading-title elementor-size-default\">SUR LE TERRAIN DEPUIS 2002<\/h2>\t\t\t\t<\/div>\n\t\t\t\t\t<\/div>\n\t\t\t\t<\/div>\n\t\t<div class=\"elementor-element elementor-element-5724a41 e-flex e-con-boxed e-con e-parent\" data-id=\"5724a41\" data-element_type=\"container\">\n\t\t\t\t\t<div class=\"e-con-inner\">\n\t\t\t\t<div class=\"elementor-element elementor-element-3d97081 elementor-widget elementor-widget-text-editor\" data-id=\"3d97081\" data-element_type=\"widget\" data-widget_type=\"text-editor.default\">\n\t\t\t\t\t\t\t\t\t<p>Fond\u00e9e en 2002, CPCS International est n\u00e9e d\u2019une prise de conscience : chaque ann\u00e9e, des centaines d\u2019enfants quittent leur village, attir\u00e9s par la \u00ab grande ville \u00bb, mais s\u2019y retrouvent livr\u00e9s \u00e0 eux-m\u00eames, expos\u00e9s \u00e0 l\u2019errance, \u00e0 l\u2019exploitation et \u00e0 l\u2019abandon.<\/p><p>\u00c0 ses d\u00e9buts au N\u00e9pal, CPCS avait pour mission d\u2019accompagner ces enfants en situation de rue \u2014 en leur apportant un soutien imm\u00e9diat (m\u00e9dical, juridique, psycho-social) \u2014 et de pr\u00e9venir que davantage d\u2019enfants ne se retrouvent dans cette situation.<\/p>\t\t\t\t\t\t\t\t<\/div>\n\t\t\t\t\t<\/div>\n\t\t\t\t<\/div>\n\t\t<div class=\"elementor-element elementor-element-ca92492 e-flex e-con-boxed e-con e-parent\" data-id=\"ca92492\" data-element_type=\"container\">\n\t\t\t\t\t<div class=\"e-con-inner\">\n\t\t\t\t<div class=\"elementor-element elementor-element-75762f9 elementor-widget-divider--view-line elementor-widget elementor-widget-divider\" data-id=\"75762f9\" data-element_type=\"widget\" data-widget_type=\"divider.default\">\n\t\t\t\t\t\t\t<div class=\"elementor-divider\">\n\t\t\t<span class=\"elementor-divider-separator\">\n\t\t\t\t\t\t<\/span>\n\t\t<\/div>\n\t\t\t\t\t\t<\/div>\n\t\t\t\t\t<\/div>\n\t\t\t\t<\/div>\n\t\t<div class=\"elementor-element elementor-element-98ed0f3 e-flex e-con-boxed e-con e-parent\" data-id=\"98ed0f3\" data-element_type=\"container\">\n\t\t\t\t\t<div class=\"e-con-inner\">\n\t\t\t\t<div class=\"elementor-element elementor-element-68e081a elementor-widget elementor-widget-heading\" data-id=\"68e081a\" data-element_type=\"widget\" data-widget_type=\"heading.default\">\n\t\t\t\t\t<h2 class=\"elementor-heading-title elementor-size-default\">UN D\u00c9VELOPPEMENT GLOBAL<\/h2>\t\t\t\t<\/div>\n\t\t\t\t\t<\/div>\n\t\t\t\t<\/div>\n\t\t<div class=\"elementor-element elementor-element-f3292f7 e-flex e-con-boxed e-con e-parent\" data-id=\"f3292f7\" data-element_type=\"container\">\n\t\t\t\t\t<div class=\"e-con-inner\">\n\t\t\t\t<div class=\"elementor-element elementor-element-cb35e41 elementor-widget elementor-widget-text-editor\" data-id=\"cb35e41\" data-element_type=\"widget\" data-widget_type=\"text-editor.default\">\n\t\t\t\t\t\t\t\t\t<p>Au fil des ann\u00e9es, l\u2019organisation a \u00e9volu\u00e9 :<\/p>\t\t\t\t\t\t\t\t<\/div>\n\t\t\t\t\t<\/div>\n\t\t\t\t<\/div>\n\t\t<div class=\"elementor-element elementor-element-7804c3b e-flex e-con-boxed e-con e-parent\" data-id=\"7804c3b\" data-element_type=\"container\">\n\t\t\t\t\t<div class=\"e-con-inner\">\n\t\t\t\t<div class=\"elementor-element elementor-element-379fb9a elementor-widget elementor-widget-elementor-companion-feature-list\" data-id=\"379fb9a\" data-element_type=\"widget\" data-widget_type=\"elementor-companion-feature-list.default\">\n\t\t\t\t<div class=\"elementor-widget-container\">\n\t\t\t\t\t\t\t<div class=\"ec-feature-list-wrapper\">\n\t\t\t<ul class=\"ec-feature-list\">\n\t\t\t\t\n\t\t\t\t\t<li class=\"ec-feature-item\n\t\t\t\t\telementor-repeater-item-6d72fb3 left\t\t\t\t\t\">\n\t\t\t\t\t\t\n\t\t\t\t\t\t\t<div class=\"ec-feature-item-icon-wrapper\">\n\n\t\t\t\t\t\t\t\t\t\t\t\t\t\t\t<span class=\"ec-connector\"> <\/span>\n\t\t\t\t\t\t\t\n\t\t\t\t\t\t\t\t\t\t\t\t\t\t\t\t\t<span class=\"ec-feature-item-icon ec-rhombus\">\n\t\t\t\t\t\t\t\t\t\t<i class=\"fas fa-network-wired\" aria-hidden=\"true\"><\/i>\n\t\t\t\t\t\t\t\t\t<\/span>\n\t\t\t\t\t\t\t\t\t\t\t\t\t\t\t<\/div>\n\t\t\t\t\t\t\n\t\t\t\t\t\t<div class=\"ec-feature-item-content\">\n\t\t\t\t\t\t\t<h3 class=\"ec-feature-list-title\">\n\t\t\t\t\t\t\t\t<a href=\"\">Une m\u00e9thodologie \u00e9prouv\u00e9e<\/a>\n\t\t\t\t\t\t\t<\/h3>\n\t\t\t\t\t\t\t<p class=\"ec-feature-list-description\">\n\t\t\t\t\t\t\t\t<p>Fort de pr\u00e8s de vingt-cinq ans d\u2019engagement sur le terrain, CPCS a d\u00e9velopp\u00e9 une <a href=\"_wp_link_placeholder\" data-wplink-edit=\"true\">m\u00e9thodologie \u00e9prouv\u00e9e<\/a> articul\u00e9e autour de trois axes compl\u00e9mentaires : la pr\u00e9vention, la r\u00e9duction des risques et la r\u00e9habilitation sociale et familiale<\/p>\t\t\t\t\t\t\t<\/p>\n\t\t\t\t\t\t<\/div>\n\t\t\t\t\t<\/li>\n\t\t\t\t\n\t\t\t\t\t<li class=\"ec-feature-item\n\t\t\t\t\telementor-repeater-item-513b563 left\t\t\t\t\t\">\n\t\t\t\t\t\t\n\t\t\t\t\t\t\t<div class=\"ec-feature-item-icon-wrapper\">\n\n\t\t\t\t\t\t\t\t\t\t\t\t\t\t\t<span class=\"ec-connector\"> <\/span>\n\t\t\t\t\t\t\t\n\t\t\t\t\t\t\t\t\t\t\t\t\t\t\t\t\t<span class=\"ec-feature-item-icon ec-rhombus\">\n\t\t\t\t\t\t\t\t\t\t<i class=\"fas fa-globe-africa\" aria-hidden=\"true\"><\/i>\n\t\t\t\t\t\t\t\t\t<\/span>\n\t\t\t\t\t\t\t\t\t\t\t\t\t\t\t<\/div>\n\t\t\t\t\t\t\n\t\t\t\t\t\t<div class=\"ec-feature-item-content\">\n\t\t\t\t\t\t\t<h3 class=\"ec-feature-list-title\">\n\t\t\t\t\t\t\t\t<a href=\"\">Une alliance globale<\/a>\n\t\t\t\t\t\t\t<\/h3>\n\t\t\t\t\t\t\t<p class=\"ec-feature-list-description\">\n\t\t\t\t\t\t\t\t<p>D\u00e9veloppement de CPCS Alliance, r\u00e9unissant des ONG et r\u00e9seaux partenaires dans plusieurs pays (N\u00e9pal, Rwanda, Burundi&#8230;), pour agir ensemble en faveur des enfants et jeunes en situation de rue ou \u00e0 risque<\/p>\t\t\t\t\t\t\t<\/p>\n\t\t\t\t\t\t<\/div>\n\t\t\t\t\t<\/li>\n\t\t\t\t\n\t\t\t\t\t<li class=\"ec-feature-item\n\t\t\t\t\telementor-repeater-item-cd94713 left\t\t\t\t\t\">\n\t\t\t\t\t\t\n\t\t\t\t\t\t\t<div class=\"ec-feature-item-icon-wrapper\">\n\n\t\t\t\t\t\t\t\t\t\t\t\t\t\t\t<span class=\"ec-connector\"> <\/span>\n\t\t\t\t\t\t\t\n\t\t\t\t\t\t\t\t\t\t\t\t\t\t\t\t\t<span class=\"ec-feature-item-icon ec-rhombus\">\n\t\t\t\t\t\t\t\t\t\t<i class=\"fas fa-clipboard-check\" aria-hidden=\"true\"><\/i>\n\t\t\t\t\t\t\t\t\t<\/span>\n\t\t\t\t\t\t\t\t\t\t\t\t\t\t\t<\/div>\n\t\t\t\t\t\t\n\t\t\t\t\t\t<div class=\"ec-feature-item-content\">\n\t\t\t\t\t\t\t<h3 class=\"ec-feature-list-title\">\n\t\t\t\t\t\t\t\t<a href=\"\">Une gouvernance internationale renforc\u00e9e<\/a>\n\t\t\t\t\t\t\t<\/h3>\n\t\t\t\t\t\t\t<p class=\"ec-feature-list-description\">\n\t\t\t\t\t\t\t\t<p>CPCS a r\u00e9cemment renforc\u00e9 sa gouvernance autour d&#8217;un nouveau conseil d&#8217;administration international, et structur\u00e9 une strat\u00e9gie \u00e0 long terme, reconnue et soutenue par de nombreux partenaires institutionnels et r\u00e9gionaux<\/p>\t\t\t\t\t\t\t<\/p>\n\t\t\t\t\t\t<\/div>\n\t\t\t\t\t<\/li>\n\t\t\t\t\t\t\t<\/ul>\n\t\t<\/div>\n\t\t\t\t\t\t<\/div>\n\t\t\t\t<\/div>\n\t\t\t\t\t<\/div>\n\t\t\t\t<\/div>\n\t\t<div class=\"elementor-element elementor-element-454af70 e-flex e-con-boxed e-con e-parent\" data-id=\"454af70\" data-element_type=\"container\">\n\t\t\t\t\t<div class=\"e-con-inner\">\n\t\t\t\t<div class=\"elementor-element elementor-element-a448697 elementor-widget-divider--view-line elementor-widget elementor-widget-divider\" data-id=\"a448697\" data-element_type=\"widget\" data-widget_type=\"divider.default\">\n\t\t\t\t\t\t\t<div class=\"elementor-divider\">\n\t\t\t<span class=\"elementor-divider-separator\">\n\t\t\t\t\t\t<\/span>\n\t\t<\/div>\n\t\t\t\t\t\t<\/div>\n\t\t\t\t\t<\/div>\n\t\t\t\t<\/div>\n\t\t<div class=\"elementor-element elementor-element-2de7bfa e-flex e-con-boxed e-con e-parent\" data-id=\"2de7bfa\" data-element_type=\"container\">\n\t\t\t\t\t<div class=\"e-con-inner\">\n\t\t\t\t<div class=\"elementor-element elementor-element-1885c3e elementor-widget elementor-widget-heading\" data-id=\"1885c3e\" data-element_type=\"widget\" data-widget_type=\"heading.default\">\n\t\t\t\t\t<h2 class=\"elementor-heading-title elementor-size-default\">10 000 VIES SOUTENUES AU QUOTIDIEN<\/h2>\t\t\t\t<\/div>\n\t\t\t\t\t<\/div>\n\t\t\t\t<\/div>\n\t\t<div class=\"elementor-element elementor-element-d369be7 e-flex e-con-boxed e-con e-parent\" data-id=\"d369be7\" data-element_type=\"container\">\n\t\t\t\t\t<div class=\"e-con-inner\">\n\t\t\t\t<div class=\"elementor-element elementor-element-e249c88 elementor-widget elementor-widget-text-editor\" data-id=\"e249c88\" data-element_type=\"widget\" data-widget_type=\"text-editor.default\">\n\t\t\t\t\t\t\t\t\t<p>Chaque jour, sur le terrain au N\u00e9pal, au Rwanda et au Burundi, CPCS agit aux c\u00f4t\u00e9s des enfants et des familles les plus vuln\u00e9rables. \u00c0 travers ses programmes de pr\u00e9vention, d\u2019accompagnement et de r\u00e9habilitation sociale, l\u2019organisation offre un acc\u00e8s concret \u00e0 la sant\u00e9, \u00e0 l\u2019\u00e9ducation, au soutien psychologique et \u00e0 la protection.<\/p><p>Pr\u00e8s de <strong>10 000 enfants en b\u00e9n\u00e9ficient chaque jour<\/strong>\u00a0<span style=\"letter-spacing: 0.16px;\">\u2014<\/span>\u00a0un impact direct, rendu possible gr\u00e2ce \u00e0 la mobilisation de ses \u00e9quipes locales et au soutien de ses partenaires internationaux.<\/p>\t\t\t\t\t\t\t\t<\/div>\n\t\t\t\t<div class=\"elementor-element elementor-element-66a4c24 elementor-widget-divider--view-line elementor-widget elementor-widget-divider\" data-id=\"66a4c24\" data-element_type=\"widget\" data-widget_type=\"divider.default\">\n\t\t\t\t\t\t\t<div class=\"elementor-divider\">\n\t\t\t<span class=\"elementor-divider-separator\">\n\t\t\t\t\t\t<\/span>\n\t\t<\/div>\n\t\t\t\t\t\t<\/div>\n\t\t\t\t<div class=\"elementor-element elementor-element-b6a79e2 elementor-widget elementor-widget-heading\" data-id=\"b6a79e2\" data-element_type=\"widget\" data-widget_type=\"heading.default\">\n\t\t\t\t\t<h2 class=\"elementor-heading-title elementor-size-default\">UN MOD\u00c8LE \u00c0 IMPACT<\/h2>\t\t\t\t<\/div>\n\t\t\t\t<div class=\"elementor-element elementor-element-726ae54 elementor-widget elementor-widget-text-editor\" data-id=\"726ae54\" data-element_type=\"widget\" data-widget_type=\"text-editor.default\">\n\t\t\t\t\t\t\t\t\t<p>Le cheminement de CPCS \u2014 du terrain local au N\u00e9pal jusqu\u2019\u00e0 une alliance internationale et un mod\u00e8le d\u2019intervention structur\u00e9 \u2014 illustre son engagement et sa mont\u00e9e en puissance pour r\u00e9pondre aux d\u00e9fis de la protection de l\u2019enfance dans des contextes complexes.<\/p>\t\t\t\t\t\t\t\t<\/div>\n\t\t\t\t\t<\/div>\n\t\t\t\t<\/div>\n\t\t\t\t<\/div>\n\t\t","protected":false},"excerpt":{"rendered":"<p>L&#8217;histoire de CPCS SUR LE TERRAIN DEPUIS 2002 Fond\u00e9e en 2002, CPCS International est n\u00e9e d\u2019une prise de conscience : chaque ann\u00e9e, des centaines d\u2019enfants quittent leur village, attir\u00e9s par la \u00ab grande ville \u00bb, mais s\u2019y retrouvent livr\u00e9s \u00e0 eux-m\u00eames, expos\u00e9s \u00e0 l\u2019errance, \u00e0 l\u2019exploitation et \u00e0 l\u2019abandon. \u00c0 ses d\u00e9buts au N\u00e9pal, CPCS[&hellip;]<\/p>\n","protected":false},"author":1,"featured_media":0,"parent":878,"menu_order":0,"comment_status":"closed","ping_status":"closed","template":"","meta":{"zakra_general_container_width":0,"zakra_general_content_width":0,"zakra_general_sidebar_width":0,"zakra_sticky_header":"customizer","zakra_header_main_area":true,"zakra_site_logo_width":0,"zakra_header_top_enabled":"customizer","zakra_header_top_style":"customizer","zakra_primary_menu_item_style":"customizer","zakra_page_header_text_color":"","zakra_page_header_layout":"customizer","zakra_page_title_bg":"","zakra_footer_widgets_bg_image":0,"zakra_page_title_bg_repeat":"customizer","zakra_page_title_bg_position":"customizer","zakra_page_title_bg_size":"customizer","zakra_page_title_bg_attachment":"customizer","zakra_breadcrumbs_enabled":"customizer","zakra_breadcrumbs_text_color":"","zakra_breadcrumbs_separator_color":"","zakra_breadcrumbs_link_color":"","zakra_breadcrumbs_link_hover_color":"","zakra_page_title_bg_image":0,"zakra_footer_widgets_enabled":"customizer","zakra_footer_column_layout_1_style":"customizer","zakra_footer_widgets_bg":"","zakra_footer_widgets_bg_repeat":"customizer","zakra_footer_widgets_bg_position":"customizer","zakra_footer_widgets_bg_size":"customizer","zakra_footer_widgets_bg_attachment":"customizer","zakra_footer_bar_enabled":"customizer","zakra_footer_bar_style":"customizer","zakra_sidebar_layout":"customizer","zakra_remove_content_margin":false,"zakra_sidebar":"customizer","zakra_transparent_header":"customizer","zakra_logo":0,"zakra_main_header_style":"default","zakra_menu_item_color":"","zakra_menu_item_hover_color":"","zakra_menu_item_active_color":"","zakra_menu_active_style":"","zakra_page_header":true,"_monsterinsights_skip_tracking":false,"_monsterinsights_sitenote_active":false,"_monsterinsights_sitenote_note":"","_monsterinsights_sitenote_category":0,"footnotes":""},"class_list":["post-500","page","type-page","status-publish","hentry"],"_links":{"self":[{"href":"https:\/\/cpcs.international\/index.php\/wp-json\/wp\/v2\/pages\/500","targetHints":{"allow":["GET"]}}],"collection":[{"href":"https:\/\/cpcs.international\/index.php\/wp-json\/wp\/v2\/pages"}],"about":[{"href":"https:\/\/cpcs.international\/index.php\/wp-json\/wp\/v2\/types\/page"}],"author":[{"embeddable":true,"href":"https:\/\/cpcs.international\/index.php\/wp-json\/wp\/v2\/users\/1"}],"replies":[{"embeddable":true,"href":"https:\/\/cpcs.international\/index.php\/wp-json\/wp\/v2\/comments?post=500"}],"version-history":[{"count":17,"href":"https:\/\/cpcs.international\/index.php\/wp-json\/wp\/v2\/pages\/500\/revisions"}],"predecessor-version":[{"id":1656,"href":"https:\/\/cpcs.international\/index.php\/wp-json\/wp\/v2\/pages\/500\/revisions\/1656"}],"up":[{"embeddable":true,"href":"https:\/\/cpcs.international\/index.php\/wp-json\/wp\/v2\/pages\/878"}],"wp:attachment":[{"href":"https:\/\/cpcs.international\/index.php\/wp-json\/wp\/v2\/media?parent=500"}],"curies":[{"name":"wp","href":"https:\/\/api.w.org\/{rel}","templated":true}]}}